{"id":383,"date":"2021-01-22T08:31:51","date_gmt":"2021-01-22T08:31:51","guid":{"rendered":"http:\/\/axilthemes.com\/themes\/blogar\/?page_id=383"},"modified":"2023-10-20T15:09:33","modified_gmt":"2023-10-20T13:09:33","slug":"kontakt","status":"publish","type":"page","link":"https:\/\/gamingonlinezone.com\/en\/kontakt\/","title":{"rendered":"Contact"},"content":{"rendered":"<div data-elementor-type=\"wp-page\" data-elementor-id=\"383\" class=\"elementor elementor-383\">\n\t\t\t\t\t\t<section class=\"elementor-section elementor-top-section elementor-element elementor-element-6cc26c1 axil-post-list-area axil-section-gap bg-color-white elementor-section-boxed elementor-section-height-default elementor-section-height-default\" data-id=\"6cc26c1\" data-element_type=\"section\">\n\t\t\t\t\t\t<div class=\"elementor-container elementor-column-gap-extended\">\n\t\t\t\t\t<div class=\"elementor-column elementor-col-66 elementor-top-column elementor-element elementor-element-a4844c9\" data-id=\"a4844c9\" data-element_type=\"column\">\n\t\t\t<div class=\"elementor-widget-wrap elementor-element-populated\">\n\t\t\t\t\t\t<div class=\"elementor-element elementor-element-f89163f elementor-widget elementor-widget-text-editor\" data-id=\"f89163f\" data-element_type=\"widget\" data-widget_type=\"text-editor.default\">\n\t\t\t\t<div class=\"elementor-widget-container\">\n\t\t\t\t\t\t\t\t\t<h2>Cze\u015b\u0107!<\/h2><p>Je\u015bli masz jakiekolwiek pytania, sugestie lub chcia\u0142by\u015b nawi\u0105za\u0107 wsp\u00f3\u0142prac\u0119, jeste\u015bmy tutaj, aby Ci pom\u00f3c. Skontaktuj si\u0119 z nami, a postaramy si\u0119 odpowiedzie\u0107 tak szybko, jak to mo\u017cliwe. Mo\u017cesz r\u00f3wnie\u017c znale\u017a\u0107 nas na mediach spo\u0142eczno\u015bciowych, aby by\u0107 na bie\u017c\u0105co z naszymi najnowszymi tre\u015bciami.<\/p>\t\t\t\t\t\t\t\t<\/div>\n\t\t\t\t<\/div>\n\t\t\t\t<div class=\"elementor-element elementor-element-018d15e axil-section-gapTop elementor-widget elementor-widget-text-editor\" data-id=\"018d15e\" data-element_type=\"widget\" data-widget_type=\"text-editor.default\">\n\t\t\t\t<div class=\"elementor-widget-container\">\n\t\t\t\t\t\t\t\t\t<h4 class=\"title mb--10\">Wy\u015blij nam wiadomo\u015b\u0107<\/h4><p class=\"b3 mb--30\">Tw\u00f3j adres e-mail nie zostanie opublikowany. Wszystkie pola s\u0105 wymagane.<\/p>\t\t\t\t\t\t\t\t<\/div>\n\t\t\t\t<\/div>\n\t\t\t\t<div class=\"elementor-element elementor-element-125e7c6 elementor-widget elementor-widget-blogar-contact-form\" data-id=\"125e7c6\" data-element_type=\"widget\" data-widget_type=\"blogar-contact-form.default\">\n\t\t\t\t<div class=\"elementor-widget-container\">\n\t\t\t\t\t        <div class=\"axil-contact-form-area\">\n            <!-- Start Contact Form -->\n             <div class=\"axil-contact-form contact-form--1\"> \n<div class=\"wpcf7 no-js\" id=\"wpcf7-f409-o1\" lang=\"en-US\" dir=\"ltr\" data-wpcf7-id=\"409\">\n<div class=\"screen-reader-response\"><p role=\"status\" aria-live=\"polite\" aria-atomic=\"true\"><\/p> <ul><\/ul><\/div>\n<form action=\"\/en\/wp-json\/wp\/v2\/pages\/383#wpcf7-f409-o1\" method=\"post\" class=\"wpcf7-form init\" aria-label=\"Contact form\" novalidate=\"novalidate\" data-status=\"init\" data-trp-original-action=\"\/en\/wp-json\/wp\/v2\/pages\/383#wpcf7-f409-o1\">\n<div style=\"display: none;\">\n<input type=\"hidden\" name=\"_wpcf7\" value=\"409\" \/>\n<input type=\"hidden\" name=\"_wpcf7_version\" value=\"6.0.4\" \/>\n<input type=\"hidden\" name=\"_wpcf7_locale\" value=\"en_US\" \/>\n<input type=\"hidden\" name=\"_wpcf7_unit_tag\" value=\"wpcf7-f409-o1\" \/>\n<input type=\"hidden\" name=\"_wpcf7_container_post\" value=\"0\" \/>\n<input type=\"hidden\" name=\"_wpcf7_posted_data_hash\" value=\"\" \/>\n<\/div>\n<div class=\"axil-contact-form contact-form--1 row\">\n    <div class=\"col-lg-4 col-md-4 col-12\">\n        <div class=\"form-group\">\n            <label for=\"your-name\">Imi\u0119<\/label>\n         <span class=\"wpcf7-form-control-wrap\" data-name=\"your-name\"><input size=\"40\" maxlength=\"400\" class=\"wpcf7-form-control wpcf7-text wpcf7-validates-as-required\" id=\"your-name\" aria-required=\"true\" aria-invalid=\"false\" value=\"\" type=\"text\" name=\"your-name\" \/><\/span>\n        <\/div>\n    <\/div>\n    <div class=\"col-lg-4 col-md-4 col-12\">\n        <div class=\"form-group\">\n            <label for=\"phone\">Telefon<\/label>\n            <span class=\"wpcf7-form-control-wrap\" data-name=\"phone\"><input size=\"40\" maxlength=\"400\" class=\"wpcf7-form-control wpcf7-tel wpcf7-text wpcf7-validates-as-tel\" id=\"phone\" aria-invalid=\"false\" value=\"\" type=\"tel\" name=\"phone\" \/><\/span>\n        <\/div>\n    <\/div>\n    <div class=\"col-lg-4 col-md-4 col-12\">\n        <div class=\"form-group\">\n            <label for=\"your-email\">Email<\/label>\n            <span class=\"wpcf7-form-control-wrap\" data-name=\"your-email\"><input size=\"40\" maxlength=\"400\" class=\"wpcf7-form-control wpcf7-email wpcf7-validates-as-required wpcf7-text wpcf7-validates-as-email\" id=\"your-email\" aria-required=\"true\" aria-invalid=\"false\" value=\"\" type=\"email\" name=\"your-email\" \/><\/span>\n        <\/div>\n    <\/div>\n    <div class=\"col-12\">\n        <div class=\"form-group\">\n            <label for=\"your-message\">Tre\u015b\u0107 wiadomo\u015bci<\/label>\n            <span class=\"wpcf7-form-control-wrap\" data-name=\"your-message\"><textarea cols=\"10\" rows=\"3\" maxlength=\"2000\" class=\"wpcf7-form-control wpcf7-textarea\" id=\"your-message\" aria-invalid=\"false\" name=\"your-message\"><\/textarea><\/span>\n        <\/div>\n    <\/div>\n    <div class=\"col-12\">\n        <div class=\"form-submit\">\n <input class=\"wpcf7-form-control wpcf7-submit has-spinner axil-button button-rounded btn-primary\" id=\"submit\" type=\"submit\" value=\"Wy\u015blij\" \/>\n        <\/div>\n    <\/div>\n<\/div><div class=\"wpcf7-response-output\" aria-hidden=\"true\"><\/div>\n<input type=\"hidden\" name=\"trp-form-language\" value=\"en\"\/><\/form>\n<\/div>\n <\/div>         <\/div>\n\n        \t\t\t\t<\/div>\n\t\t\t\t<\/div>\n\t\t\t\t\t<\/div>\n\t\t<\/div>\n\t\t\t\t<div class=\"elementor-column elementor-col-33 elementor-top-column elementor-element elementor-element-a5eb44d\" data-id=\"a5eb44d\" data-element_type=\"column\">\n\t\t\t<div class=\"elementor-widget-wrap elementor-element-populated\">\n\t\t\t\t\t\t<div class=\"elementor-element elementor-element-7bdba44 elementor-widget elementor-widget-sidebar\" data-id=\"7bdba44\" data-element_type=\"widget\" data-widget_type=\"sidebar.default\">\n\t\t\t\t<div class=\"elementor-widget-container\">\n\t\t\t\t\t<div class=\"search-2 widget-sidebar widget widget_search widgets-sidebar\"><div class=\"widget-title\"><h3>Szukaj<\/h3><\/div><div class=\"inner\">\n    <form  id=\"search-1\"  action=\"https:\/\/gamingonlinezone.com\/en\/\" method=\"GET\" class=\"blog-search\" data-trp-original-action=\"https:\/\/gamingonlinezone.com\/en\/\">\n        <div class=\"axil-search form-group\">\n            <button type=\"submit\" class=\"search-button\"><i class=\"fal fa-search\"><\/i><\/button>\n            <input type=\"text\"  name=\"s\"  placeholder=\"Search ...\" value=\"\"\/>\n        <\/div>\n    <input type=\"hidden\" name=\"trp-form-language\" value=\"en\"\/><\/form>\n<\/div><\/div><div class=\"blogar_recent_post-2 widget-sidebar widget widget_blogar_recent_post widgets-sidebar\"><div class=\"widget-title\"><h3>Recent articles<\/h3><\/div>                    <div class=\"content-block post-medium mb--20\">\n                                                    <div class=\"post-thumbnail\">\n                                <a href=\"https:\/\/gamingonlinezone.com\/en\/2021\/01\/24\/ipados-14-wprowadza-nowe-funkcje-zaprojektowane-specjalnie-dla-ipada\/\"><img decoding=\"async\" width=\"150\" height=\"150\" src=\"https:\/\/gamingonlinezone.com\/wp-content\/uploads\/2021\/01\/gallery-post-03-150x150.jpg\" class=\"attachment-thumbnail size-thumbnail wp-post-image\" alt=\"gallery-post-03\" \/><\/a>\n                            <\/div>\n                                                <div class=\"post-content\">\n                            <h6 class=\"title\"><a href=\"https:\/\/gamingonlinezone.com\/en\/2021\/01\/24\/ipados-14-wprowadza-nowe-funkcje-zaprojektowane-specjalnie-dla-ipada\/\">iPadOS 14 wprowadza nowe funkcje zaprojektowane specjalnie <\/a><\/h6>\n                                                            <div class=\"post-meta\">\n                                    <ul class=\"post-meta-list\">\n                                                                                    <li>2021-01-24<\/li>\n                                                                                                                                <li>4 min read<\/li>\n                                                                                                                        <\/ul>\n                                <\/div>\n                                                    <\/div>\n                    <\/div>\n                                    <div class=\"content-block post-medium mb--20\">\n                                                    <div class=\"post-thumbnail\">\n                                <a href=\"https:\/\/gamingonlinezone.com\/en\/2021\/01\/24\/4-rodzaje-metod-badawczych-ktore-powinni-znac-wszyscy-projektanci\/\"><img decoding=\"async\" width=\"150\" height=\"150\" src=\"https:\/\/gamingonlinezone.com\/wp-content\/uploads\/2021\/01\/demo_image-41-150x150.jpg\" class=\"attachment-thumbnail size-thumbnail wp-post-image\" alt=\"demo_image-41\" \/><\/a>\n                            <\/div>\n                                                <div class=\"post-content\">\n                            <h6 class=\"title\"><a href=\"https:\/\/gamingonlinezone.com\/en\/2021\/01\/24\/4-rodzaje-metod-badawczych-ktore-powinni-znac-wszyscy-projektanci\/\">4 rodzaje metod badawczych, kt\u00f3re powinni zna\u0107 <\/a><\/h6>\n                                                            <div class=\"post-meta\">\n                                    <ul class=\"post-meta-list\">\n                                                                                    <li>2021-01-24<\/li>\n                                                                                                                                <li>4 min read<\/li>\n                                                                                                                        <\/ul>\n                                <\/div>\n                                                    <\/div>\n                    <\/div>\n                                    <div class=\"content-block post-medium mb--20\">\n                                                    <div class=\"post-thumbnail\">\n                                <a href=\"https:\/\/gamingonlinezone.com\/en\/2021\/01\/24\/te-5-wskazowek-pomoze-ci-przygotowac-nastepna-prezentacje-projektu\/\"><img decoding=\"async\" width=\"150\" height=\"150\" src=\"https:\/\/gamingonlinezone.com\/wp-content\/uploads\/2021\/01\/post-column-01-9-150x150.jpg\" class=\"attachment-thumbnail size-thumbnail wp-post-image\" alt=\"post-column-01-9\" \/><\/a>\n                            <\/div>\n                                                <div class=\"post-content\">\n                            <h6 class=\"title\"><a href=\"https:\/\/gamingonlinezone.com\/en\/2021\/01\/24\/te-5-wskazowek-pomoze-ci-przygotowac-nastepna-prezentacje-projektu\/\">Te 5 wskaz\u00f3wek pomo\u017ce ci przygotowa\u0107 nast\u0119pn\u0105 <\/a><\/h6>\n                                                            <div class=\"post-meta\">\n                                    <ul class=\"post-meta-list\">\n                                                                                    <li>2021-01-24<\/li>\n                                                                                                                                <li>4 min read<\/li>\n                                                                                                                        <\/ul>\n                                <\/div>\n                                                    <\/div>\n                    <\/div>\n                            <\/div>            \n            <div class=\"blobar_social_widget-2 widget-sidebar widget blobar_social_widget widgets-sidebar\"><div class=\"widget-title\"><h3>Pozosta\u0144my w kontakcie<\/h3><\/div>            <ul class=\"social-icon md-size justify-content-center\">\n                                    <li>\n                        <a href=\"#\">\n                            <i class=\"fab fa-facebook-f\"><\/i>\n                        <\/a>\n                    <\/li>\n                                                    <li>\n                        <a href=\"#\">\n                            <i class=\"fab fa-twitter\"><\/i>\n                        <\/a>\n                    <\/li>\n                                                    <li>\n                        <a href=\"#\">\n                            <i class=\"fab fa-instagram\"><\/i>\n                        <\/a>\n                    <\/li>\n                                                    <li>\n                        <a href=\"#\">\n                            <i class=\"fab fa-pinterest\"><\/i>\n                        <\/a>\n                    <\/li>\n                                                    <li>\n                        <a href=\"#\">\n                            <i class=\"fab fa-linkedin-in\"><\/i>\n                        <\/a>\n                    <\/li>\n                                            <\/ul>\n        <\/div><div class=\"media_gallery-2 widget-sidebar widget widget_media_gallery widgets-sidebar\"><div class=\"widget-title\"><h3>Gallery<\/h3><\/div><div id='gallery-1' class='gallery galleryid-656 gallery-columns-3 gallery-size-thumbnail'><figure class='gallery-item'>\n\t\t\t<div class='gallery-icon landscape'>\n\t\t\t\t<img loading=\"lazy\" decoding=\"async\" width=\"150\" height=\"150\" src=\"https:\/\/gamingonlinezone.com\/wp-content\/uploads\/2021\/01\/demo_image-26-150x150.jpg\" class=\"attachment-thumbnail size-thumbnail\" alt=\"demo_image-26\" \/>\n\t\t\t<\/div><\/figure><figure class='gallery-item'>\n\t\t\t<div class='gallery-icon landscape'>\n\t\t\t\t<img loading=\"lazy\" decoding=\"async\" width=\"150\" height=\"150\" src=\"https:\/\/gamingonlinezone.com\/wp-content\/uploads\/2021\/01\/post-column-01-13-150x150.jpg\" class=\"attachment-thumbnail size-thumbnail\" alt=\"post-column-01-13\" srcset=\"https:\/\/gamingonlinezone.com\/wp-content\/uploads\/2021\/01\/post-column-01-13-150x150.jpg 150w, https:\/\/gamingonlinezone.com\/wp-content\/uploads\/2021\/01\/post-column-01-13-300x300.jpg 300w, https:\/\/gamingonlinezone.com\/wp-content\/uploads\/2021\/01\/post-column-01-13-1024x1024.jpg 1024w, https:\/\/gamingonlinezone.com\/wp-content\/uploads\/2021\/01\/post-column-01-13-768x768.jpg 768w, https:\/\/gamingonlinezone.com\/wp-content\/uploads\/2021\/01\/post-column-01-13-1536x1536.jpg 1536w, https:\/\/gamingonlinezone.com\/wp-content\/uploads\/2021\/01\/post-column-01-13.jpg 1920w\" sizes=\"(max-width: 150px) 100vw, 150px\" \/>\n\t\t\t<\/div><\/figure><figure class='gallery-item'>\n\t\t\t<div class='gallery-icon landscape'>\n\t\t\t\t<img loading=\"lazy\" decoding=\"async\" width=\"150\" height=\"150\" src=\"https:\/\/gamingonlinezone.com\/wp-content\/uploads\/2021\/01\/demo_image-6-150x150.jpg\" class=\"attachment-thumbnail size-thumbnail\" alt=\"demo_image-6\" \/>\n\t\t\t<\/div><\/figure><figure class='gallery-item'>\n\t\t\t<div class='gallery-icon landscape'>\n\t\t\t\t<img loading=\"lazy\" decoding=\"async\" width=\"150\" height=\"150\" src=\"https:\/\/gamingonlinezone.com\/wp-content\/uploads\/2021\/01\/demo_image-38-1-150x150.jpg\" class=\"attachment-thumbnail size-thumbnail\" alt=\"demo_image-38\" \/>\n\t\t\t<\/div><\/figure><figure class='gallery-item'>\n\t\t\t<div class='gallery-icon landscape'>\n\t\t\t\t<img loading=\"lazy\" decoding=\"async\" width=\"150\" height=\"150\" src=\"https:\/\/gamingonlinezone.com\/wp-content\/uploads\/2021\/01\/post-column-01-4-150x150.jpg\" class=\"attachment-thumbnail size-thumbnail\" alt=\"post-column-01-4\" \/>\n\t\t\t<\/div><\/figure><figure class='gallery-item'>\n\t\t\t<div class='gallery-icon landscape'>\n\t\t\t\t<img loading=\"lazy\" decoding=\"async\" width=\"150\" height=\"150\" src=\"https:\/\/gamingonlinezone.com\/wp-content\/uploads\/2021\/01\/post-column-01-6-150x150.jpg\" class=\"attachment-thumbnail size-thumbnail\" alt=\"post-column-01-6\" \/>\n\t\t\t<\/div><\/figure>\n\t\t<\/div>\n<\/div>\t\t\t\t<\/div>\n\t\t\t\t<\/div>\n\t\t\t\t\t<\/div>\n\t\t<\/div>\n\t\t\t\t\t<\/div>\n\t\t<\/section>\n\t\t\t\t<\/div>","protected":false},"excerpt":{"rendered":"<p>Cze\u015b\u0107! Je\u015bli masz jakiekolwiek pytania, sugestie lub chcia\u0142by\u015b nawi\u0105za\u0107 wsp\u00f3\u0142prac\u0119, jeste\u015bmy tutaj, aby Ci pom\u00f3c. Skontaktuj si\u0119 z nami, a postaramy si\u0119 odpowiedzie\u0107 tak szybko, jak to mo\u017cliwe. Mo\u017cesz r\u00f3wnie\u017c znale\u017a\u0107 nas na mediach spo\u0142eczno\u015bciowych, aby by\u0107 na bie\u017c\u0105co z naszymi najnowszymi tre\u015bciami. Wy\u015blij nam wiadomo\u015b\u0107 Tw\u00f3j adres e-mail nie zostanie opublikowany. Wszystkie pola s\u0105 [&hellip;]<\/p>","protected":false},"author":1,"featured_media":386,"parent":0,"menu_order":0,"comment_status":"closed","ping_status":"closed","template":"elementor_header_footer","meta":{"footnotes":""},"class_list":["post-383","page","type-page","status-publish","has-post-thumbnail","hentry"],"acf":[],"_links":{"self":[{"href":"https:\/\/gamingonlinezone.com\/en\/wp-json\/wp\/v2\/pages\/383","targetHints":{"allow":["GET"]}}],"collection":[{"href":"https:\/\/gamingonlinezone.com\/en\/wp-json\/wp\/v2\/pages"}],"about":[{"href":"https:\/\/gamingonlinezone.com\/en\/wp-json\/wp\/v2\/types\/page"}],"author":[{"embeddable":true,"href":"https:\/\/gamingonlinezone.com\/en\/wp-json\/wp\/v2\/users\/1"}],"replies":[{"embeddable":true,"href":"https:\/\/gamingonlinezone.com\/en\/wp-json\/wp\/v2\/comments?post=383"}],"version-history":[{"count":13,"href":"https:\/\/gamingonlinezone.com\/en\/wp-json\/wp\/v2\/pages\/383\/revisions"}],"predecessor-version":[{"id":8172,"href":"https:\/\/gamingonlinezone.com\/en\/wp-json\/wp\/v2\/pages\/383\/revisions\/8172"}],"wp:featuredmedia":[{"embeddable":true,"href":"https:\/\/gamingonlinezone.com\/en\/wp-json\/wp\/v2\/media\/386"}],"wp:attachment":[{"href":"https:\/\/gamingonlinezone.com\/en\/wp-json\/wp\/v2\/media?parent=383"}],"curies":[{"name":"wp","href":"https:\/\/api.w.org\/{rel}","templated":true}]}}