{"id":401,"date":"2021-01-22T08:42:21","date_gmt":"2021-01-22T08:42:21","guid":{"rendered":"http:\/\/axilthemes.com\/themes\/blogar\/about-us-copy\/"},"modified":"2023-10-20T13:19:11","modified_gmt":"2023-10-20T11:19:11","slug":"o-nas","status":"publish","type":"page","link":"https:\/\/gamingonlinezone.com\/en\/o-nas\/","title":{"rendered":"O nas"},"content":{"rendered":"<div data-elementor-type=\"wp-page\" data-elementor-id=\"401\" class=\"elementor elementor-401\">\n\t\t\t\t\t\t<section class=\"elementor-section elementor-top-section elementor-element elementor-element-6cc26c1 axil-post-list-area axil-section-gap bg-color-white elementor-section-boxed elementor-section-height-default elementor-section-height-default\" data-id=\"6cc26c1\" data-element_type=\"section\">\n\t\t\t\t\t\t<div class=\"elementor-container elementor-column-gap-extended\">\n\t\t\t\t\t<div class=\"elementor-column elementor-col-66 elementor-top-column elementor-element elementor-element-a4844c9\" data-id=\"a4844c9\" data-element_type=\"column\">\n\t\t\t<div class=\"elementor-widget-wrap elementor-element-populated\">\n\t\t\t\t\t\t<div class=\"elementor-element elementor-element-f89163f elementor-widget elementor-widget-text-editor\" data-id=\"f89163f\" data-element_type=\"widget\" data-widget_type=\"text-editor.default\">\n\t\t\t\t<div class=\"elementor-widget-container\">\n\t\t\t\t\t\t\t\t\t<h3>Nasza misja<\/h3><p>Witaj w Gaming Online Zone! Jeste\u015bmy dynamiczn\u0105 platform\u0105 internetow\u0105, kt\u00f3ra jest dedykowana pasjonatom technologii, entuzjastom gier oraz mi\u0142o\u015bnikom nowinek ze \u015bwiata elektroniki. Naszym celem jest dostarczanie naj\u015bwie\u017cszych informacji, recenzji, poradnik\u00f3w oraz ciekawostek z szeroko poj\u0119tego \u015bwiata technologicznego i gier wideo.<\/p><h3>Nasi redaktorzy<\/h3><p>W Gaming Online Zone \u0142\u0105czymy nasz\u0105 pasj\u0119 do innowacji z g\u0142\u0119bokim zrozumieniem potrzeb i oczekiwa\u0144 naszej spo\u0142eczno\u015bci. Nasza redakcja sk\u0142ada si\u0119 z do\u015bwiadczonych entuzjast\u00f3w technologii i wytrawnych graczy, kt\u00f3rzy nie tylko \u015bledz\u0105 najnowsze trendy, ale tak\u017ce staraj\u0105 si\u0119 przekazywa\u0107 je w przyst\u0119pny i anga\u017cuj\u0105cy spos\u00f3b.<\/p><h3>Nasza wizja<\/h3><p>Nieustannie d\u0105\u017cymy do tego, by dostarcza\u0107 warto\u015bciowych tre\u015bci, kt\u00f3re inspiruj\u0105 naszych czytelnik\u00f3w do poszerzania horyzont\u00f3w w dziedzinie technologii oraz do odkrywania fascynuj\u0105cego \u015bwiata gier wideo. Jeste\u015bmy przekonani, \u017ce technologia i \u015bwiat gier s\u0105 niezwykle wa\u017cnymi elementami wsp\u00f3\u0142czesnej kultury, dlatego chcemy by\u0107 dla naszej spo\u0142eczno\u015bci wiarygodnym \u017ar\u00f3d\u0142em wiedzy i inspiracji.<\/p><h3>Do\u0142\u0105cz do nas<\/h3><p>Do\u0142\u0105cz do nas w podr\u00f3\u017cy po niezwyk\u0142ym \u015bwiecie nowoczesnych technologii i pasjonuj\u0105cych gier wideo. Razem odkrywajmy, dyskutujmy i cieszmy si\u0119 fascynuj\u0105cym uniwersum Gaming Online Zone!<\/p>\t\t\t\t\t\t\t\t<\/div>\n\t\t\t\t<\/div>\n\t\t\t\t\t<\/div>\n\t\t<\/div>\n\t\t\t\t<div class=\"elementor-column elementor-col-33 elementor-top-column elementor-element elementor-element-a5eb44d\" data-id=\"a5eb44d\" data-element_type=\"column\">\n\t\t\t<div class=\"elementor-widget-wrap elementor-element-populated\">\n\t\t\t\t\t\t<div class=\"elementor-element elementor-element-7bdba44 elementor-widget elementor-widget-sidebar\" data-id=\"7bdba44\" data-element_type=\"widget\" data-widget_type=\"sidebar.default\">\n\t\t\t\t<div class=\"elementor-widget-container\">\n\t\t\t\t\t<div class=\"search-2 widget-sidebar widget widget_search widgets-sidebar\"><div class=\"widget-title\"><h3>Szukaj<\/h3><\/div><div class=\"inner\">\n    <form  id=\"search-1\"  action=\"https:\/\/gamingonlinezone.com\/en\/\" method=\"GET\" class=\"blog-search\" data-trp-original-action=\"https:\/\/gamingonlinezone.com\/en\/\">\n        <div class=\"axil-search form-group\">\n            <button type=\"submit\" class=\"search-button\"><i class=\"fal fa-search\"><\/i><\/button>\n            <input type=\"text\"  name=\"s\"  placeholder=\"Search ...\" value=\"\"\/>\n        <\/div>\n    <input type=\"hidden\" name=\"trp-form-language\" value=\"en\"\/><\/form>\n<\/div><\/div><div class=\"blogar_recent_post-2 widget-sidebar widget widget_blogar_recent_post widgets-sidebar\"><div class=\"widget-title\"><h3>Recent articles<\/h3><\/div>                    <div class=\"content-block post-medium mb--20\">\n                                                    <div class=\"post-thumbnail\">\n                                <a href=\"https:\/\/gamingonlinezone.com\/en\/2021\/01\/24\/ipados-14-wprowadza-nowe-funkcje-zaprojektowane-specjalnie-dla-ipada\/\"><img decoding=\"async\" width=\"150\" height=\"150\" src=\"https:\/\/gamingonlinezone.com\/wp-content\/uploads\/2021\/01\/gallery-post-03-150x150.jpg\" class=\"attachment-thumbnail size-thumbnail wp-post-image\" alt=\"gallery-post-03\" \/><\/a>\n                            <\/div>\n                                                <div class=\"post-content\">\n                            <h6 class=\"title\"><a href=\"https:\/\/gamingonlinezone.com\/en\/2021\/01\/24\/ipados-14-wprowadza-nowe-funkcje-zaprojektowane-specjalnie-dla-ipada\/\">iPadOS 14 wprowadza nowe funkcje zaprojektowane specjalnie <\/a><\/h6>\n                                                            <div class=\"post-meta\">\n                                    <ul class=\"post-meta-list\">\n                                                                                    <li>2021-01-24<\/li>\n                                                                                                                                <li>4 min read<\/li>\n                                                                                                                        <\/ul>\n                                <\/div>\n                                                    <\/div>\n                    <\/div>\n                                    <div class=\"content-block post-medium mb--20\">\n                                                    <div class=\"post-thumbnail\">\n                                <a href=\"https:\/\/gamingonlinezone.com\/en\/2021\/01\/24\/4-rodzaje-metod-badawczych-ktore-powinni-znac-wszyscy-projektanci\/\"><img decoding=\"async\" width=\"150\" height=\"150\" src=\"https:\/\/gamingonlinezone.com\/wp-content\/uploads\/2021\/01\/demo_image-41-150x150.jpg\" class=\"attachment-thumbnail size-thumbnail wp-post-image\" alt=\"demo_image-41\" \/><\/a>\n                            <\/div>\n                                                <div class=\"post-content\">\n                            <h6 class=\"title\"><a href=\"https:\/\/gamingonlinezone.com\/en\/2021\/01\/24\/4-rodzaje-metod-badawczych-ktore-powinni-znac-wszyscy-projektanci\/\">4 rodzaje metod badawczych, kt\u00f3re powinni zna\u0107 <\/a><\/h6>\n                                                            <div class=\"post-meta\">\n                                    <ul class=\"post-meta-list\">\n                                                                                    <li>2021-01-24<\/li>\n                                                                                                                                <li>4 min read<\/li>\n                                                                                                                        <\/ul>\n                                <\/div>\n                                                    <\/div>\n                    <\/div>\n                                    <div class=\"content-block post-medium mb--20\">\n                                                    <div class=\"post-thumbnail\">\n                                <a href=\"https:\/\/gamingonlinezone.com\/en\/2021\/01\/24\/te-5-wskazowek-pomoze-ci-przygotowac-nastepna-prezentacje-projektu\/\"><img decoding=\"async\" width=\"150\" height=\"150\" src=\"https:\/\/gamingonlinezone.com\/wp-content\/uploads\/2021\/01\/post-column-01-9-150x150.jpg\" class=\"attachment-thumbnail size-thumbnail wp-post-image\" alt=\"post-column-01-9\" \/><\/a>\n                            <\/div>\n                                                <div class=\"post-content\">\n                            <h6 class=\"title\"><a href=\"https:\/\/gamingonlinezone.com\/en\/2021\/01\/24\/te-5-wskazowek-pomoze-ci-przygotowac-nastepna-prezentacje-projektu\/\">Te 5 wskaz\u00f3wek pomo\u017ce ci przygotowa\u0107 nast\u0119pn\u0105 <\/a><\/h6>\n                                                            <div class=\"post-meta\">\n                                    <ul class=\"post-meta-list\">\n                                                                                    <li>2021-01-24<\/li>\n                                                                                                                                <li>4 min read<\/li>\n                                                                                                                        <\/ul>\n                                <\/div>\n                                                    <\/div>\n                    <\/div>\n                            <\/div>            \n            <div class=\"blobar_social_widget-2 widget-sidebar widget blobar_social_widget widgets-sidebar\"><div class=\"widget-title\"><h3>Pozosta\u0144my w kontakcie<\/h3><\/div>            <ul class=\"social-icon md-size justify-content-center\">\n                                    <li>\n                        <a href=\"#\">\n                            <i class=\"fab fa-facebook-f\"><\/i>\n                        <\/a>\n                    <\/li>\n                                                    <li>\n                        <a href=\"#\">\n                            <i class=\"fab fa-twitter\"><\/i>\n                        <\/a>\n                    <\/li>\n                                                    <li>\n                        <a href=\"#\">\n                            <i class=\"fab fa-instagram\"><\/i>\n                        <\/a>\n                    <\/li>\n                                                    <li>\n                        <a href=\"#\">\n                            <i class=\"fab fa-pinterest\"><\/i>\n                        <\/a>\n                    <\/li>\n                                                    <li>\n                        <a href=\"#\">\n                            <i class=\"fab fa-linkedin-in\"><\/i>\n                        <\/a>\n                    <\/li>\n                                            <\/ul>\n        <\/div><div class=\"media_gallery-2 widget-sidebar widget widget_media_gallery widgets-sidebar\"><div class=\"widget-title\"><h3>Gallery<\/h3><\/div><div id='gallery-1' class='gallery galleryid-656 gallery-columns-3 gallery-size-thumbnail'><figure class='gallery-item'>\n\t\t\t<div class='gallery-icon landscape'>\n\t\t\t\t<img loading=\"lazy\" decoding=\"async\" width=\"150\" height=\"150\" src=\"https:\/\/gamingonlinezone.com\/wp-content\/uploads\/2021\/01\/demo_image-26-150x150.jpg\" class=\"attachment-thumbnail size-thumbnail\" alt=\"demo_image-26\" \/>\n\t\t\t<\/div><\/figure><figure class='gallery-item'>\n\t\t\t<div class='gallery-icon landscape'>\n\t\t\t\t<img loading=\"lazy\" decoding=\"async\" width=\"150\" height=\"150\" src=\"https:\/\/gamingonlinezone.com\/wp-content\/uploads\/2021\/01\/post-column-01-13-150x150.jpg\" class=\"attachment-thumbnail size-thumbnail\" alt=\"post-column-01-13\" srcset=\"https:\/\/gamingonlinezone.com\/wp-content\/uploads\/2021\/01\/post-column-01-13-150x150.jpg 150w, https:\/\/gamingonlinezone.com\/wp-content\/uploads\/2021\/01\/post-column-01-13-300x300.jpg 300w, https:\/\/gamingonlinezone.com\/wp-content\/uploads\/2021\/01\/post-column-01-13-1024x1024.jpg 1024w, https:\/\/gamingonlinezone.com\/wp-content\/uploads\/2021\/01\/post-column-01-13-768x768.jpg 768w, https:\/\/gamingonlinezone.com\/wp-content\/uploads\/2021\/01\/post-column-01-13-1536x1536.jpg 1536w, https:\/\/gamingonlinezone.com\/wp-content\/uploads\/2021\/01\/post-column-01-13.jpg 1920w\" sizes=\"(max-width: 150px) 100vw, 150px\" \/>\n\t\t\t<\/div><\/figure><figure class='gallery-item'>\n\t\t\t<div class='gallery-icon landscape'>\n\t\t\t\t<img loading=\"lazy\" decoding=\"async\" width=\"150\" height=\"150\" src=\"https:\/\/gamingonlinezone.com\/wp-content\/uploads\/2021\/01\/demo_image-6-150x150.jpg\" class=\"attachment-thumbnail size-thumbnail\" alt=\"demo_image-6\" \/>\n\t\t\t<\/div><\/figure><figure class='gallery-item'>\n\t\t\t<div class='gallery-icon landscape'>\n\t\t\t\t<img loading=\"lazy\" decoding=\"async\" width=\"150\" height=\"150\" src=\"https:\/\/gamingonlinezone.com\/wp-content\/uploads\/2021\/01\/demo_image-38-1-150x150.jpg\" class=\"attachment-thumbnail size-thumbnail\" alt=\"demo_image-38\" \/>\n\t\t\t<\/div><\/figure><figure class='gallery-item'>\n\t\t\t<div class='gallery-icon landscape'>\n\t\t\t\t<img loading=\"lazy\" decoding=\"async\" width=\"150\" height=\"150\" src=\"https:\/\/gamingonlinezone.com\/wp-content\/uploads\/2021\/01\/post-column-01-4-150x150.jpg\" class=\"attachment-thumbnail size-thumbnail\" alt=\"post-column-01-4\" \/>\n\t\t\t<\/div><\/figure><figure class='gallery-item'>\n\t\t\t<div class='gallery-icon landscape'>\n\t\t\t\t<img loading=\"lazy\" decoding=\"async\" width=\"150\" height=\"150\" src=\"https:\/\/gamingonlinezone.com\/wp-content\/uploads\/2021\/01\/post-column-01-6-150x150.jpg\" class=\"attachment-thumbnail size-thumbnail\" alt=\"post-column-01-6\" \/>\n\t\t\t<\/div><\/figure>\n\t\t<\/div>\n<\/div>\t\t\t\t<\/div>\n\t\t\t\t<\/div>\n\t\t\t\t\t<\/div>\n\t\t<\/div>\n\t\t\t\t\t<\/div>\n\t\t<\/section>\n\t\t\t\t<\/div>","protected":false},"excerpt":{"rendered":"<p>Nasza misja Witaj w Gaming Online Zone! Jeste\u015bmy dynamiczn\u0105 platform\u0105 internetow\u0105, kt\u00f3ra jest dedykowana pasjonatom technologii, entuzjastom gier oraz mi\u0142o\u015bnikom nowinek ze \u015bwiata elektroniki. Naszym celem jest dostarczanie naj\u015bwie\u017cszych informacji, recenzji, poradnik\u00f3w oraz ciekawostek z szeroko poj\u0119tego \u015bwiata technologicznego i gier wideo. Nasi redaktorzy W Gaming Online Zone \u0142\u0105czymy nasz\u0105 pasj\u0119 do innowacji z g\u0142\u0119bokim [&hellip;]<\/p>","protected":false},"author":1,"featured_media":386,"parent":0,"menu_order":0,"comment_status":"closed","ping_status":"closed","template":"elementor_header_footer","meta":{"footnotes":""},"class_list":["post-401","page","type-page","status-publish","has-post-thumbnail","hentry"],"acf":[],"_links":{"self":[{"href":"https:\/\/gamingonlinezone.com\/en\/wp-json\/wp\/v2\/pages\/401","targetHints":{"allow":["GET"]}}],"collection":[{"href":"https:\/\/gamingonlinezone.com\/en\/wp-json\/wp\/v2\/pages"}],"about":[{"href":"https:\/\/gamingonlinezone.com\/en\/wp-json\/wp\/v2\/types\/page"}],"author":[{"embeddable":true,"href":"https:\/\/gamingonlinezone.com\/en\/wp-json\/wp\/v2\/users\/1"}],"replies":[{"embeddable":true,"href":"https:\/\/gamingonlinezone.com\/en\/wp-json\/wp\/v2\/comments?post=401"}],"version-history":[{"count":5,"href":"https:\/\/gamingonlinezone.com\/en\/wp-json\/wp\/v2\/pages\/401\/revisions"}],"predecessor-version":[{"id":8104,"href":"https:\/\/gamingonlinezone.com\/en\/wp-json\/wp\/v2\/pages\/401\/revisions\/8104"}],"wp:featuredmedia":[{"embeddable":true,"href":"https:\/\/gamingonlinezone.com\/en\/wp-json\/wp\/v2\/media\/386"}],"wp:attachment":[{"href":"https:\/\/gamingonlinezone.com\/en\/wp-json\/wp\/v2\/media?parent=401"}],"curies":[{"name":"wp","href":"https:\/\/api.w.org\/{rel}","templated":true}]}}